{"id":11223,"date":"2018-09-12T23:57:55","date_gmt":"2018-09-12T21:57:55","guid":{"rendered":"https:\/\/norditude.ch\/?page_id=11223"},"modified":"2018-09-13T09:50:31","modified_gmt":"2018-09-13T07:50:31","slug":"legal-notice","status":"publish","type":"page","link":"https:\/\/norditude.ch\/en\/legal-notice\/","title":{"rendered":"Legal Notice"},"content":{"rendered":"<div class=\"vc_row wpb_row vc_row-fluid\"><div class=\"wpb_column vc_column_container vc_col-sm-12\"><div class=\"vc_column-inner\"><div class=\"wpb_wrapper\"><h2 style=\"text-align: center;font-family:Jura;font-weight:400;font-style:normal\" class=\"vc_custom_heading\" >LEGAL NOTICE<\/h2>\n\t<div class=\"wpb_text_column wpb_content_element ovic_custom_5b9a16c84db2e \" >\n\t\t<div class=\"wpb_wrapper\">\n\t\t\t<p>Website operated by:<\/p>\n<p>d\u00fcnor s\u00e0rl<br \/>\nroute de Begnins 4A<br \/>\n1196 Gland<br \/>\nSwitzerland<\/p>\n<p>T\u00e9l\u00a0:\u00a0\u00a0\u00a0 +41 79 701 00 64<br \/>\nEmail\u00a0: info@norditude.ch<\/p>\n<p>Commercial Register N\u00b0 : CH-550.1.177.726-2<br \/>\nUID N\u00b0 : CHE-353.400.724<br \/>\nVAT N\u00b0 : CHE-353.400.724 TVA<\/p>\n\n\t\t<\/div>\n\t<\/div>\n<\/div><\/div><\/div><\/div>\n","protected":false},"excerpt":{"rendered":"LEGAL NOTICE Website operated by: d\u00fcnor s\u00e0rl route de Begnins 4A 1196 Gland Switzerland T\u00e9l\u00a0:\u00a0\u00a0\u00a0 +41 79 701 00 64 Email\u00a0: info@norditude.ch Commercial Register N\u00b0 : CH-550.1.177.726-2 UID N\u00b0 : CHE-353.400.724 VAT N\u00b0 : CHE-353.400.724 TVA","protected":false},"author":7,"featured_media":0,"parent":0,"menu_order":0,"comment_status":"closed","ping_status":"closed","template":"","meta":[],"_links":{"self":[{"href":"https:\/\/norditude.ch\/en\/wp-json\/wp\/v2\/pages\/11223"}],"collection":[{"href":"https:\/\/norditude.ch\/en\/wp-json\/wp\/v2\/pages"}],"about":[{"href":"https:\/\/norditude.ch\/en\/wp-json\/wp\/v2\/types\/page"}],"author":[{"embeddable":true,"href":"https:\/\/norditude.ch\/en\/wp-json\/wp\/v2\/users\/7"}],"replies":[{"embeddable":true,"href":"https:\/\/norditude.ch\/en\/wp-json\/wp\/v2\/comments?post=11223"}],"version-history":[{"count":0,"href":"https:\/\/norditude.ch\/en\/wp-json\/wp\/v2\/pages\/11223\/revisions"}],"wp:attachment":[{"href":"https:\/\/norditude.ch\/en\/wp-json\/wp\/v2\/media?parent=11223"}],"curies":[{"name":"wp","href":"https:\/\/api.w.org\/{rel}","templated":true}]}}